{"id":2,"date":"2020-11-20T17:40:52","date_gmt":"2020-11-20T17:40:52","guid":{"rendered":"http:\/\/ismaelcruz.com\/?page_id=2"},"modified":"2024-02-14T21:59:56","modified_gmt":"2024-02-15T03:59:56","slug":"sample-page","status":"publish","type":"page","link":"https:\/\/ismaelcruz.com\/","title":{"rendered":"!Soluciones digitales!"},"content":{"rendered":"\t\t<div data-elementor-type=\"wp-page\" data-elementor-id=\"2\" class=\"elementor elementor-2\">\n\t\t\t\t<div class=\"elementor-element elementor-element-ff4e91b e-con-full e-flex e-con e-parent\" data-id=\"ff4e91b\" data-element_type=\"container\" data-settings=\"{&quot;content_width&quot;:&quot;full&quot;}\" data-core-v316-plus=\"true\">\n\t\t\t\t<div class=\"elementor-element elementor-element-fed527f elementor-widget elementor-widget-trueman-numbers\" data-id=\"fed527f\" data-element_type=\"widget\" data-widget_type=\"trueman-numbers.default\">\n\t\t\t\t<div class=\"elementor-widget-container\">\n\t\t\t\n\t\t\t\t<!-- stats -->\n        <div class=\"row\">\n                    <div class=\"col-lg-4\">\n\n            <!-- counter -->\n            <div class=\"trm-counter-up trm-scroll-animation\" data-scroll data-scroll-offset=\"40\">\n              <div class=\"trm-counter-number\">\n              \t<span class=\"trm-counter\">\n              \t\t<span >\n\t\t        \t\t8\t\t        \t<\/span>\n              \t<\/span>\n              \t              \t<span class=\"trm-counter-symbol\">+<\/span>\n              \t              <\/div>\n              <div class=\"trm-divider trm-mb-20 trm-mt-20\"><\/div>\n              <div class=\"trm-label\">\n              \t<span >\n\t        \t\tProyectos completados\t        \t<\/span>\n              <\/div>\n            <\/div>\n            <!-- counter end -->\n\n          <\/div>\n                    <div class=\"col-lg-4\">\n\n            <!-- counter -->\n            <div class=\"trm-counter-up trm-scroll-animation\" data-scroll data-scroll-offset=\"40\">\n              <div class=\"trm-counter-number\">\n              \t<span class=\"trm-counter\">\n              \t\t<span >\n\t\t        \t\t5\t\t        \t<\/span>\n              \t<\/span>\n              \t              \t<span class=\"trm-counter-symbol\">+<\/span>\n              \t              <\/div>\n              <div class=\"trm-divider trm-mb-20 trm-mt-20\"><\/div>\n              <div class=\"trm-label\">\n              \t<span >\n\t        \t\tClientes satisfechos\t        \t<\/span>\n              <\/div>\n            <\/div>\n            <!-- counter end -->\n\n          <\/div>\n                    <div class=\"col-lg-4\">\n\n            <!-- counter -->\n            <div class=\"trm-counter-up trm-scroll-animation\" data-scroll data-scroll-offset=\"40\">\n              <div class=\"trm-counter-number\">\n              \t<span class=\"trm-counter\">\n              \t\t<span >\n\t\t        \t\t10\t\t        \t<\/span>\n              \t<\/span>\n              \t              \t<span class=\"trm-counter-symbol\">+<\/span>\n              \t              <\/div>\n              <div class=\"trm-divider trm-mb-20 trm-mt-20\"><\/div>\n              <div class=\"trm-label\">\n              \t<span >\n\t        \t\tCursos terminados\t        \t<\/span>\n              <\/div>\n            <\/div>\n            <!-- counter end -->\n\n          <\/div>\n                  <\/div>\n        <!-- stats end -->\n        \n\t\t\t\t<\/div>\n\t\t\t\t<\/div>\n\t\t\t\t<\/div>\n\t\t<div class=\"elementor-element elementor-element-0315a31 e-con-full e-flex e-con e-parent\" data-id=\"0315a31\" data-element_type=\"container\" data-settings=\"{&quot;content_width&quot;:&quot;full&quot;}\" data-core-v316-plus=\"true\">\n\t\t\t\t<div class=\"elementor-element elementor-element-82ab6f2 elementor-widget elementor-widget-trueman-custom-text\" data-id=\"82ab6f2\" data-element_type=\"widget\" data-widget_type=\"trueman-custom-text.default\">\n\t\t\t\t<div class=\"elementor-widget-container\">\n\t\t\t\n\t\t<!-- text -->\n    <div class=\"row\">\n      <div class=\"col-lg-12\">\n      \t        <!-- title -->\n        <h5 class=\"trm-mb-40 trm-title--h trm-title-with-divider\">\n        \t<span >\n          \tSobre mi          <\/span>\n        \t<span data-number=\"01\"><\/span>\n        <\/h5>\n        \n                <!-- quote -->\n        <div class=\"trm-card trm-publication\">\n\t\t\t\t\t<div class=\"content-box\">\n\t\t\t\t\t\t<div class=\"single-post-text trm-text--t\">\n\t\t\t\t\t\t\t<div >\n\t\t          \t<p>Desde mi infancia, he disfrutado de la suerte y el placer de estar inmerso en el fascinante mundo de los n\u00fameros, siendo las matem\u00e1ticas una de mis mayores pasiones. Con una s\u00f3lida trayectoria de 10 a\u00f1os como desarrollador, estoy aqu\u00ed para ofrecerte mi experiencia y contribuir a acercarte a la tecnolog\u00eda, especialmente al vasto universo digital.<\/p><p>Mi objetivo es colaborar contigo para dise\u00f1ar el canal digital que mejor se adapte a tus necesidades. Con un enfoque personalizado y una profunda comprensi\u00f3n de las \u00faltimas tendencias tecnol\u00f3gicas, estoy comprometido a brindarte soluciones innovadoras que impulsen tu presencia en l\u00ednea y optimicen tu experiencia digital. \u00a1Perm\u00edteme ser tu gu\u00eda en este emocionante viaje hacia la excelencia tecnol\u00f3gica!<\/p>\t\t        \t<\/div>\n\t\t\t\t\t\t<\/div>\n\t\t\t\t  <\/div>\n        <\/div>\n        <!-- quote end -->\n        \n      <\/div>\n    <\/div>\n    <!-- text end -->\n\n\t\t\t\t<\/div>\n\t\t\t\t<\/div>\n\t\t\t\t<\/div>\n\t\t\t\t<\/div>\n\t\t","protected":false},"excerpt":{"rendered":"<p>8 + Proyectos completados 5 + Clientes satisfechos 10 + Cursos terminados Sobre mi Desde mi infancia, he disfrutado de&#8230; <\/p>\n<div class=\"trm-el-more\"><a href=\"https:\/\/ismaelcruz.com\/\" class=\"trm-label trm-label-color\"><span>Read more<\/span> <i class=\"fas fa-arrow-right\"><\/i><\/a><\/div>\n","protected":false},"author":1,"featured_media":0,"parent":0,"menu_order":0,"comment_status":"closed","ping_status":"open","template":"template-layout-builder.php","meta":{"footnotes":""},"class_list":["post-2","page","type-page","status-publish","hentry"],"acf":[],"_links":{"self":[{"href":"https:\/\/ismaelcruz.com\/index.php\/wp-json\/wp\/v2\/pages\/2","targetHints":{"allow":["GET"]}}],"collection":[{"href":"https:\/\/ismaelcruz.com\/index.php\/wp-json\/wp\/v2\/pages"}],"about":[{"href":"https:\/\/ismaelcruz.com\/index.php\/wp-json\/wp\/v2\/types\/page"}],"author":[{"embeddable":true,"href":"https:\/\/ismaelcruz.com\/index.php\/wp-json\/wp\/v2\/users\/1"}],"replies":[{"embeddable":true,"href":"https:\/\/ismaelcruz.com\/index.php\/wp-json\/wp\/v2\/comments?post=2"}],"version-history":[{"count":19,"href":"https:\/\/ismaelcruz.com\/index.php\/wp-json\/wp\/v2\/pages\/2\/revisions"}],"predecessor-version":[{"id":166,"href":"https:\/\/ismaelcruz.com\/index.php\/wp-json\/wp\/v2\/pages\/2\/revisions\/166"}],"wp:attachment":[{"href":"https:\/\/ismaelcruz.com\/index.php\/wp-json\/wp\/v2\/media?parent=2"}],"curies":[{"name":"wp","href":"https:\/\/api.w.org\/{rel}","templated":true}]}}